{"id":914,"date":"2023-11-27T21:19:56","date_gmt":"2023-11-27T20:19:56","guid":{"rendered":"https:\/\/sarah-traiteur.fr\/?post_type=product&#038;p=914"},"modified":"2025-05-06T00:55:34","modified_gmt":"2025-05-05T22:55:34","slug":"briwats-samoussas-sarah-traiteur","status":"publish","type":"product","link":"https:\/\/sarah-traiteur.fr\/index.php\/produit\/briwats-samoussas-sarah-traiteur\/","title":{"rendered":"Briwats \/ samoussas"},"content":{"rendered":"<p>Chez Sarah Traiteur chacun de nos Briwats ou Samoussas est pr\u00e9par\u00e9 avec soin, nous cr\u00e9ons des harmonies de saveurs uniques pour satisfaire les palais les plus exigeants. Venez d\u00e9couvrir la magie de ces entr\u00e9es orientales.<\/p>\n","protected":false},"excerpt":{"rendered":"<p class=\"p1\"><span class=\"s2\">Commande minimum pour 6 personnes<\/span><\/p>\n<p class=\"p1\"><span class=\"s2\">Poulet 2\/personnes = 6 \u20ac<\/span><\/p>\n<p class=\"p1\"><span class=\"s2\">Viande 2\/personnes = 6 \u20ac<br \/>\n<\/span><\/p>\n<p class=\"p1\"><span class=\"s2\">Thon 2\/personnes = 6 \u20ac<br \/>\n<\/span><\/p>\n","protected":false},"featured_media":1280,"comment_status":"open","ping_status":"closed","template":"","meta":[],"product_brand":[],"product_cat":[29,31,30,34,32],"product_tag":[],"class_list":{"0":"post-914","1":"product","2":"type-product","3":"status-publish","4":"has-post-thumbnail","6":"product_cat-agneau","7":"product_cat-merguez","8":"product_cat-poulet","9":"product_cat-sarah-traiteur","10":"product_cat-thon","12":"first","13":"instock","14":"shipping-taxable","15":"product-type-grouped"},"yoast_head":"<!-- This site is optimized with the Yoast SEO plugin v27.4 - https:\/\/yoast.com\/product\/yoast-seo-wordpress\/ -->\n<title>Briwats \/ samoussas - Sarah Traiteur<\/title>\n<meta name=\"description\" content=\"Chez Sarah Traiteur chacun de nos Briwats ou Samoussas est pr\u00e9par\u00e9 avec soin. Nous cr\u00e9ons des harmonies de saveurs uniques pour vous satisfaire.\" \/>\n<meta name=\"robots\" content=\"index, follow, max-snippet:-1, max-image-preview:large, max-video-preview:-1\" \/>\n<link rel=\"canonical\" href=\"https:\/\/sarah-traiteur.fr\/index.php\/produit\/briwats-samoussas-sarah-traiteur\/\" \/>\n<meta property=\"og:locale\" content=\"fr_FR\" \/>\n<meta property=\"og:type\" content=\"article\" \/>\n<meta property=\"og:title\" content=\"Briwats \/ samoussas - Sarah Traiteur\" \/>\n<meta property=\"og:description\" content=\"Chez Sarah Traiteur chacun de nos Briwats ou Samoussas est pr\u00e9par\u00e9 avec soin. Nous cr\u00e9ons des harmonies de saveurs uniques pour vous satisfaire.\" \/>\n<meta property=\"og:url\" content=\"https:\/\/sarah-traiteur.fr\/index.php\/produit\/briwats-samoussas-sarah-traiteur\/\" \/>\n<meta property=\"og:site_name\" content=\"Sarah Traiteur\" \/>\n<meta property=\"article:publisher\" content=\"https:\/\/www.facebook.com\/profile.php?id=100082960370860&amp;locale=fr_FR\" \/>\n<meta property=\"article:modified_time\" content=\"2025-05-05T22:55:34+00:00\" \/>\n<meta property=\"og:image\" content=\"https:\/\/sarah-traiteur.fr\/wp-content\/uploads\/2023\/11\/briwat-768x1024.png\" \/>\n\t<meta property=\"og:image:width\" content=\"768\" \/>\n\t<meta property=\"og:image:height\" content=\"1024\" \/>\n\t<meta property=\"og:image:type\" content=\"image\/png\" \/>\n<meta name=\"twitter:card\" content=\"summary_large_image\" \/>\n<meta name=\"twitter:label1\" content=\"Dur\u00e9e de lecture estim\u00e9e\" \/>\n\t<meta name=\"twitter:data1\" content=\"1 minute\" \/>\n<script type=\"application\/ld+json\" class=\"yoast-schema-graph\">{\"@context\":\"https:\\\/\\\/schema.org\",\"@graph\":[{\"@type\":\"WebPage\",\"@id\":\"https:\\\/\\\/sarah-traiteur.fr\\\/index.php\\\/produit\\\/briwats-samoussas-sarah-traiteur\\\/\",\"url\":\"https:\\\/\\\/sarah-traiteur.fr\\\/index.php\\\/produit\\\/briwats-samoussas-sarah-traiteur\\\/\",\"name\":\"Briwats \\\/ samoussas - Sarah Traiteur\",\"isPartOf\":{\"@id\":\"https:\\\/\\\/sarah-traiteur.fr\\\/#website\"},\"primaryImageOfPage\":{\"@id\":\"https:\\\/\\\/sarah-traiteur.fr\\\/index.php\\\/produit\\\/briwats-samoussas-sarah-traiteur\\\/#primaryimage\"},\"image\":{\"@id\":\"https:\\\/\\\/sarah-traiteur.fr\\\/index.php\\\/produit\\\/briwats-samoussas-sarah-traiteur\\\/#primaryimage\"},\"thumbnailUrl\":\"https:\\\/\\\/i0.wp.com\\\/sarah-traiteur.fr\\\/wp-content\\\/uploads\\\/2023\\\/11\\\/briwat.png?fit=3024%2C4032&ssl=1\",\"datePublished\":\"2023-11-27T20:19:56+00:00\",\"dateModified\":\"2025-05-05T22:55:34+00:00\",\"description\":\"Chez Sarah Traiteur chacun de nos Briwats ou Samoussas est pr\u00e9par\u00e9 avec soin. Nous cr\u00e9ons des harmonies de saveurs uniques pour vous satisfaire.\",\"breadcrumb\":{\"@id\":\"https:\\\/\\\/sarah-traiteur.fr\\\/index.php\\\/produit\\\/briwats-samoussas-sarah-traiteur\\\/#breadcrumb\"},\"inLanguage\":\"fr-FR\",\"potentialAction\":[{\"@type\":\"ReadAction\",\"target\":[\"https:\\\/\\\/sarah-traiteur.fr\\\/index.php\\\/produit\\\/briwats-samoussas-sarah-traiteur\\\/\"]}]},{\"@type\":\"ImageObject\",\"inLanguage\":\"fr-FR\",\"@id\":\"https:\\\/\\\/sarah-traiteur.fr\\\/index.php\\\/produit\\\/briwats-samoussas-sarah-traiteur\\\/#primaryimage\",\"url\":\"https:\\\/\\\/i0.wp.com\\\/sarah-traiteur.fr\\\/wp-content\\\/uploads\\\/2023\\\/11\\\/briwat.png?fit=3024%2C4032&ssl=1\",\"contentUrl\":\"https:\\\/\\\/i0.wp.com\\\/sarah-traiteur.fr\\\/wp-content\\\/uploads\\\/2023\\\/11\\\/briwat.png?fit=3024%2C4032&ssl=1\",\"width\":3024,\"height\":4032,\"caption\":\"image de briwat\"},{\"@type\":\"BreadcrumbList\",\"@id\":\"https:\\\/\\\/sarah-traiteur.fr\\\/index.php\\\/produit\\\/briwats-samoussas-sarah-traiteur\\\/#breadcrumb\",\"itemListElement\":[{\"@type\":\"ListItem\",\"position\":1,\"name\":\"Accueil\",\"item\":\"https:\\\/\\\/sarah-traiteur.fr\\\/\"},{\"@type\":\"ListItem\",\"position\":2,\"name\":\"Commander\",\"item\":\"https:\\\/\\\/sarah-traiteur.fr\\\/index.php\\\/commande-commander\\\/\"},{\"@type\":\"ListItem\",\"position\":3,\"name\":\"Briwats \\\/ samoussas\"}]},{\"@type\":\"WebSite\",\"@id\":\"https:\\\/\\\/sarah-traiteur.fr\\\/#website\",\"url\":\"https:\\\/\\\/sarah-traiteur.fr\\\/\",\"name\":\"Sarah Traiteur\",\"description\":\"Voyagez au c\u0153ur des saveurs\",\"publisher\":{\"@id\":\"https:\\\/\\\/sarah-traiteur.fr\\\/#organization\"},\"potentialAction\":[{\"@type\":\"SearchAction\",\"target\":{\"@type\":\"EntryPoint\",\"urlTemplate\":\"https:\\\/\\\/sarah-traiteur.fr\\\/?s={search_term_string}\"},\"query-input\":{\"@type\":\"PropertyValueSpecification\",\"valueRequired\":true,\"valueName\":\"search_term_string\"}}],\"inLanguage\":\"fr-FR\"},{\"@type\":\"Organization\",\"@id\":\"https:\\\/\\\/sarah-traiteur.fr\\\/#organization\",\"name\":\"Sarah Traiteur\",\"url\":\"https:\\\/\\\/sarah-traiteur.fr\\\/\",\"logo\":{\"@type\":\"ImageObject\",\"inLanguage\":\"fr-FR\",\"@id\":\"https:\\\/\\\/sarah-traiteur.fr\\\/#\\\/schema\\\/logo\\\/image\\\/\",\"url\":\"https:\\\/\\\/sarah-traiteur.fr\\\/wp-content\\\/uploads\\\/2023\\\/11\\\/Logo-Sarah-traiteur-sans-fond.png\",\"contentUrl\":\"https:\\\/\\\/sarah-traiteur.fr\\\/wp-content\\\/uploads\\\/2023\\\/11\\\/Logo-Sarah-traiteur-sans-fond.png\",\"width\":6729,\"height\":6730,\"caption\":\"Sarah Traiteur\"},\"image\":{\"@id\":\"https:\\\/\\\/sarah-traiteur.fr\\\/#\\\/schema\\\/logo\\\/image\\\/\"},\"sameAs\":[\"https:\\\/\\\/www.facebook.com\\\/profile.php?id=100082960370860&locale=fr_FR\"]}]}<\/script>\n<!-- \/ Yoast SEO plugin. -->","yoast_head_json":{"title":"Briwats \/ samoussas - Sarah Traiteur","description":"Chez Sarah Traiteur chacun de nos Briwats ou Samoussas est pr\u00e9par\u00e9 avec soin. Nous cr\u00e9ons des harmonies de saveurs uniques pour vous satisfaire.","robots":{"index":"index","follow":"follow","max-snippet":"max-snippet:-1","max-image-preview":"max-image-preview:large","max-video-preview":"max-video-preview:-1"},"canonical":"https:\/\/sarah-traiteur.fr\/index.php\/produit\/briwats-samoussas-sarah-traiteur\/","og_locale":"fr_FR","og_type":"article","og_title":"Briwats \/ samoussas - Sarah Traiteur","og_description":"Chez Sarah Traiteur chacun de nos Briwats ou Samoussas est pr\u00e9par\u00e9 avec soin. Nous cr\u00e9ons des harmonies de saveurs uniques pour vous satisfaire.","og_url":"https:\/\/sarah-traiteur.fr\/index.php\/produit\/briwats-samoussas-sarah-traiteur\/","og_site_name":"Sarah Traiteur","article_publisher":"https:\/\/www.facebook.com\/profile.php?id=100082960370860&locale=fr_FR","article_modified_time":"2025-05-05T22:55:34+00:00","og_image":[{"width":768,"height":1024,"url":"https:\/\/sarah-traiteur.fr\/wp-content\/uploads\/2023\/11\/briwat-768x1024.png","type":"image\/png"}],"twitter_card":"summary_large_image","twitter_misc":{"Dur\u00e9e de lecture estim\u00e9e":"1 minute"},"schema":{"@context":"https:\/\/schema.org","@graph":[{"@type":"WebPage","@id":"https:\/\/sarah-traiteur.fr\/index.php\/produit\/briwats-samoussas-sarah-traiteur\/","url":"https:\/\/sarah-traiteur.fr\/index.php\/produit\/briwats-samoussas-sarah-traiteur\/","name":"Briwats \/ samoussas - Sarah Traiteur","isPartOf":{"@id":"https:\/\/sarah-traiteur.fr\/#website"},"primaryImageOfPage":{"@id":"https:\/\/sarah-traiteur.fr\/index.php\/produit\/briwats-samoussas-sarah-traiteur\/#primaryimage"},"image":{"@id":"https:\/\/sarah-traiteur.fr\/index.php\/produit\/briwats-samoussas-sarah-traiteur\/#primaryimage"},"thumbnailUrl":"https:\/\/i0.wp.com\/sarah-traiteur.fr\/wp-content\/uploads\/2023\/11\/briwat.png?fit=3024%2C4032&ssl=1","datePublished":"2023-11-27T20:19:56+00:00","dateModified":"2025-05-05T22:55:34+00:00","description":"Chez Sarah Traiteur chacun de nos Briwats ou Samoussas est pr\u00e9par\u00e9 avec soin. Nous cr\u00e9ons des harmonies de saveurs uniques pour vous satisfaire.","breadcrumb":{"@id":"https:\/\/sarah-traiteur.fr\/index.php\/produit\/briwats-samoussas-sarah-traiteur\/#breadcrumb"},"inLanguage":"fr-FR","potentialAction":[{"@type":"ReadAction","target":["https:\/\/sarah-traiteur.fr\/index.php\/produit\/briwats-samoussas-sarah-traiteur\/"]}]},{"@type":"ImageObject","inLanguage":"fr-FR","@id":"https:\/\/sarah-traiteur.fr\/index.php\/produit\/briwats-samoussas-sarah-traiteur\/#primaryimage","url":"https:\/\/i0.wp.com\/sarah-traiteur.fr\/wp-content\/uploads\/2023\/11\/briwat.png?fit=3024%2C4032&ssl=1","contentUrl":"https:\/\/i0.wp.com\/sarah-traiteur.fr\/wp-content\/uploads\/2023\/11\/briwat.png?fit=3024%2C4032&ssl=1","width":3024,"height":4032,"caption":"image de briwat"},{"@type":"BreadcrumbList","@id":"https:\/\/sarah-traiteur.fr\/index.php\/produit\/briwats-samoussas-sarah-traiteur\/#breadcrumb","itemListElement":[{"@type":"ListItem","position":1,"name":"Accueil","item":"https:\/\/sarah-traiteur.fr\/"},{"@type":"ListItem","position":2,"name":"Commander","item":"https:\/\/sarah-traiteur.fr\/index.php\/commande-commander\/"},{"@type":"ListItem","position":3,"name":"Briwats \/ samoussas"}]},{"@type":"WebSite","@id":"https:\/\/sarah-traiteur.fr\/#website","url":"https:\/\/sarah-traiteur.fr\/","name":"Sarah Traiteur","description":"Voyagez au c\u0153ur des saveurs","publisher":{"@id":"https:\/\/sarah-traiteur.fr\/#organization"},"potentialAction":[{"@type":"SearchAction","target":{"@type":"EntryPoint","urlTemplate":"https:\/\/sarah-traiteur.fr\/?s={search_term_string}"},"query-input":{"@type":"PropertyValueSpecification","valueRequired":true,"valueName":"search_term_string"}}],"inLanguage":"fr-FR"},{"@type":"Organization","@id":"https:\/\/sarah-traiteur.fr\/#organization","name":"Sarah Traiteur","url":"https:\/\/sarah-traiteur.fr\/","logo":{"@type":"ImageObject","inLanguage":"fr-FR","@id":"https:\/\/sarah-traiteur.fr\/#\/schema\/logo\/image\/","url":"https:\/\/sarah-traiteur.fr\/wp-content\/uploads\/2023\/11\/Logo-Sarah-traiteur-sans-fond.png","contentUrl":"https:\/\/sarah-traiteur.fr\/wp-content\/uploads\/2023\/11\/Logo-Sarah-traiteur-sans-fond.png","width":6729,"height":6730,"caption":"Sarah Traiteur"},"image":{"@id":"https:\/\/sarah-traiteur.fr\/#\/schema\/logo\/image\/"},"sameAs":["https:\/\/www.facebook.com\/profile.php?id=100082960370860&locale=fr_FR"]}]}},"_links":{"self":[{"href":"https:\/\/sarah-traiteur.fr\/index.php\/wp-json\/wp\/v2\/product\/914","targetHints":{"allow":["GET"]}}],"collection":[{"href":"https:\/\/sarah-traiteur.fr\/index.php\/wp-json\/wp\/v2\/product"}],"about":[{"href":"https:\/\/sarah-traiteur.fr\/index.php\/wp-json\/wp\/v2\/types\/product"}],"replies":[{"embeddable":true,"href":"https:\/\/sarah-traiteur.fr\/index.php\/wp-json\/wp\/v2\/comments?post=914"}],"wp:featuredmedia":[{"embeddable":true,"href":"https:\/\/sarah-traiteur.fr\/index.php\/wp-json\/wp\/v2\/media\/1280"}],"wp:attachment":[{"href":"https:\/\/sarah-traiteur.fr\/index.php\/wp-json\/wp\/v2\/media?parent=914"}],"wp:term":[{"taxonomy":"product_brand","embeddable":true,"href":"https:\/\/sarah-traiteur.fr\/index.php\/wp-json\/wp\/v2\/product_brand?post=914"},{"taxonomy":"product_cat","embeddable":true,"href":"https:\/\/sarah-traiteur.fr\/index.php\/wp-json\/wp\/v2\/product_cat?post=914"},{"taxonomy":"product_tag","embeddable":true,"href":"https:\/\/sarah-traiteur.fr\/index.php\/wp-json\/wp\/v2\/product_tag?post=914"}],"curies":[{"name":"wp","href":"https:\/\/api.w.org\/{rel}","templated":true}]}}