{"id":907,"date":"2023-11-27T16:46:27","date_gmt":"2023-11-27T15:46:27","guid":{"rendered":"https:\/\/sarah-traiteur.fr\/?post_type=product&#038;p=907"},"modified":"2025-05-06T00:55:34","modified_gmt":"2025-05-05T22:55:34","slug":"couscous-royal-poulet-merguez","status":"publish","type":"product","link":"https:\/\/sarah-traiteur.fr\/index.php\/produit\/couscous-royal-poulet-merguez\/","title":{"rendered":"Couscous royal poulet merguez"},"content":{"rendered":"<p>Le Couscous Royal, une exp\u00e9rience gastronomique incomparable qui r\u00e9unit les parfums authentiques et les \u00e9pices vibrantes de la M\u00e9diterran\u00e9e.<\/p>\n<p>Savourez le mariage parfait entre des grains de couscous parfaitement cuits \u00e0 la vapeur, une tendre volaille aux \u00e9pices exquises et des merguez. Chaque plat est pr\u00e9par\u00e9 avec passion et d\u00e9vouement, capturant l&rsquo;essence m\u00eame de la cuisine maghr\u00e9bine dans une explosion de saveurs.<\/p>\n<p>du Poulet savoureux marin\u00e9 dans un m\u00e9lange d&rsquo;\u00e9pices, nos merguez qui apportent une touche robuste et savoureuse \u00e0 chaque portion de couscous, des l\u00e9gumes Frais et Color\u00e9s un bouillon aux \u00e9pices authentiques.<\/p>\n","protected":false},"excerpt":{"rendered":"<p>Notre Couscous Royal n&rsquo;est pas simplement un repas, c&rsquo;est une invitation \u00e0 la convivialit\u00e9 et au partage.<\/p>\n<p>Chez Sarah Traiteur, nous sommes fiers de vous offrir une exp\u00e9rience gastronomique authentique, o\u00f9 la passion pour la cuisine traditionnelle rencontre l&rsquo;hospitalit\u00e9 exceptionnelle. Venez d\u00e9couvrir le v\u00e9ritable go\u00fbt du Maghreb dans chaque bouch\u00e9e.<\/p>\n<p>(Photo de couscous pour 5 personnes)<\/p>\n<p>15\u20ac la part, commande minimum : 6 parts<\/p>\n","protected":false},"featured_media":908,"comment_status":"open","ping_status":"closed","template":"","meta":[],"product_brand":[],"product_cat":[26,31,30,34],"product_tag":[],"class_list":{"0":"post-907","1":"product","2":"type-product","3":"status-publish","4":"has-post-thumbnail","6":"product_cat-couscous","7":"product_cat-merguez","8":"product_cat-poulet","9":"product_cat-sarah-traiteur","11":"first","12":"instock","13":"shipping-taxable","14":"purchasable","15":"product-type-simple"},"yoast_head":"<!-- This site is optimized with the Yoast SEO plugin v27.4 - https:\/\/yoast.com\/product\/yoast-seo-wordpress\/ -->\n<title>Couscous royal poulet merguez - Sarah Traiteur<\/title>\n<meta name=\"description\" content=\"Notre Couscous Royal poulet merguez est une invitation \u00e0 la convivialit\u00e9 et au partage. Laissez-vous emporter par son go\u00fbt d\u00e9licieux et r\u00e9confortant ...\" \/>\n<meta name=\"robots\" content=\"index, follow, max-snippet:-1, max-image-preview:large, max-video-preview:-1\" \/>\n<link rel=\"canonical\" href=\"https:\/\/sarah-traiteur.fr\/index.php\/produit\/couscous-royal-poulet-merguez\/\" \/>\n<meta property=\"og:locale\" content=\"fr_FR\" \/>\n<meta property=\"og:type\" content=\"article\" \/>\n<meta property=\"og:title\" content=\"Couscous royal poulet merguez - Sarah Traiteur\" \/>\n<meta property=\"og:description\" content=\"Notre Couscous Royal poulet merguez est une invitation \u00e0 la convivialit\u00e9 et au partage. Laissez-vous emporter par son go\u00fbt d\u00e9licieux et r\u00e9confortant ...\" \/>\n<meta property=\"og:url\" content=\"https:\/\/sarah-traiteur.fr\/index.php\/produit\/couscous-royal-poulet-merguez\/\" \/>\n<meta property=\"og:site_name\" content=\"Sarah Traiteur\" \/>\n<meta property=\"article:publisher\" content=\"https:\/\/www.facebook.com\/profile.php?id=100082960370860&amp;locale=fr_FR\" \/>\n<meta property=\"article:modified_time\" content=\"2025-05-05T22:55:34+00:00\" \/>\n<meta property=\"og:image\" content=\"https:\/\/sarah-traiteur.fr\/wp-content\/uploads\/2023\/11\/couscous-royal-poulet-merguez-768x1024.png\" \/>\n\t<meta property=\"og:image:width\" content=\"768\" \/>\n\t<meta property=\"og:image:height\" content=\"1024\" \/>\n\t<meta property=\"og:image:type\" content=\"image\/png\" \/>\n<meta name=\"twitter:card\" content=\"summary_large_image\" \/>\n<meta name=\"twitter:label1\" content=\"Dur\u00e9e de lecture estim\u00e9e\" \/>\n\t<meta name=\"twitter:data1\" content=\"1 minute\" \/>\n<script type=\"application\/ld+json\" class=\"yoast-schema-graph\">{\"@context\":\"https:\\\/\\\/schema.org\",\"@graph\":[{\"@type\":\"WebPage\",\"@id\":\"https:\\\/\\\/sarah-traiteur.fr\\\/index.php\\\/produit\\\/couscous-royal-poulet-merguez\\\/\",\"url\":\"https:\\\/\\\/sarah-traiteur.fr\\\/index.php\\\/produit\\\/couscous-royal-poulet-merguez\\\/\",\"name\":\"Couscous royal poulet merguez - Sarah Traiteur\",\"isPartOf\":{\"@id\":\"https:\\\/\\\/sarah-traiteur.fr\\\/#website\"},\"primaryImageOfPage\":{\"@id\":\"https:\\\/\\\/sarah-traiteur.fr\\\/index.php\\\/produit\\\/couscous-royal-poulet-merguez\\\/#primaryimage\"},\"image\":{\"@id\":\"https:\\\/\\\/sarah-traiteur.fr\\\/index.php\\\/produit\\\/couscous-royal-poulet-merguez\\\/#primaryimage\"},\"thumbnailUrl\":\"https:\\\/\\\/i0.wp.com\\\/sarah-traiteur.fr\\\/wp-content\\\/uploads\\\/2023\\\/11\\\/couscous-royal-poulet-merguez.png?fit=3024%2C4032&ssl=1\",\"datePublished\":\"2023-11-27T15:46:27+00:00\",\"dateModified\":\"2025-05-05T22:55:34+00:00\",\"description\":\"Notre Couscous Royal poulet merguez est une invitation \u00e0 la convivialit\u00e9 et au partage. Laissez-vous emporter par son go\u00fbt d\u00e9licieux et r\u00e9confortant ...\",\"breadcrumb\":{\"@id\":\"https:\\\/\\\/sarah-traiteur.fr\\\/index.php\\\/produit\\\/couscous-royal-poulet-merguez\\\/#breadcrumb\"},\"inLanguage\":\"fr-FR\",\"potentialAction\":[{\"@type\":\"ReadAction\",\"target\":[\"https:\\\/\\\/sarah-traiteur.fr\\\/index.php\\\/produit\\\/couscous-royal-poulet-merguez\\\/\"]}]},{\"@type\":\"ImageObject\",\"inLanguage\":\"fr-FR\",\"@id\":\"https:\\\/\\\/sarah-traiteur.fr\\\/index.php\\\/produit\\\/couscous-royal-poulet-merguez\\\/#primaryimage\",\"url\":\"https:\\\/\\\/i0.wp.com\\\/sarah-traiteur.fr\\\/wp-content\\\/uploads\\\/2023\\\/11\\\/couscous-royal-poulet-merguez.png?fit=3024%2C4032&ssl=1\",\"contentUrl\":\"https:\\\/\\\/i0.wp.com\\\/sarah-traiteur.fr\\\/wp-content\\\/uploads\\\/2023\\\/11\\\/couscous-royal-poulet-merguez.png?fit=3024%2C4032&ssl=1\",\"width\":3024,\"height\":4032,\"caption\":\"Couscous royal poulet merguez\"},{\"@type\":\"BreadcrumbList\",\"@id\":\"https:\\\/\\\/sarah-traiteur.fr\\\/index.php\\\/produit\\\/couscous-royal-poulet-merguez\\\/#breadcrumb\",\"itemListElement\":[{\"@type\":\"ListItem\",\"position\":1,\"name\":\"Accueil\",\"item\":\"https:\\\/\\\/sarah-traiteur.fr\\\/\"},{\"@type\":\"ListItem\",\"position\":2,\"name\":\"Commander\",\"item\":\"https:\\\/\\\/sarah-traiteur.fr\\\/index.php\\\/commande-commander\\\/\"},{\"@type\":\"ListItem\",\"position\":3,\"name\":\"Couscous royal poulet merguez\"}]},{\"@type\":\"WebSite\",\"@id\":\"https:\\\/\\\/sarah-traiteur.fr\\\/#website\",\"url\":\"https:\\\/\\\/sarah-traiteur.fr\\\/\",\"name\":\"Sarah Traiteur\",\"description\":\"Voyagez au c\u0153ur des saveurs\",\"publisher\":{\"@id\":\"https:\\\/\\\/sarah-traiteur.fr\\\/#organization\"},\"potentialAction\":[{\"@type\":\"SearchAction\",\"target\":{\"@type\":\"EntryPoint\",\"urlTemplate\":\"https:\\\/\\\/sarah-traiteur.fr\\\/?s={search_term_string}\"},\"query-input\":{\"@type\":\"PropertyValueSpecification\",\"valueRequired\":true,\"valueName\":\"search_term_string\"}}],\"inLanguage\":\"fr-FR\"},{\"@type\":\"Organization\",\"@id\":\"https:\\\/\\\/sarah-traiteur.fr\\\/#organization\",\"name\":\"Sarah Traiteur\",\"url\":\"https:\\\/\\\/sarah-traiteur.fr\\\/\",\"logo\":{\"@type\":\"ImageObject\",\"inLanguage\":\"fr-FR\",\"@id\":\"https:\\\/\\\/sarah-traiteur.fr\\\/#\\\/schema\\\/logo\\\/image\\\/\",\"url\":\"https:\\\/\\\/sarah-traiteur.fr\\\/wp-content\\\/uploads\\\/2023\\\/11\\\/Logo-Sarah-traiteur-sans-fond.png\",\"contentUrl\":\"https:\\\/\\\/sarah-traiteur.fr\\\/wp-content\\\/uploads\\\/2023\\\/11\\\/Logo-Sarah-traiteur-sans-fond.png\",\"width\":6729,\"height\":6730,\"caption\":\"Sarah Traiteur\"},\"image\":{\"@id\":\"https:\\\/\\\/sarah-traiteur.fr\\\/#\\\/schema\\\/logo\\\/image\\\/\"},\"sameAs\":[\"https:\\\/\\\/www.facebook.com\\\/profile.php?id=100082960370860&locale=fr_FR\"]}]}<\/script>\n<!-- \/ Yoast SEO plugin. -->","yoast_head_json":{"title":"Couscous royal poulet merguez - Sarah Traiteur","description":"Notre Couscous Royal poulet merguez est une invitation \u00e0 la convivialit\u00e9 et au partage. Laissez-vous emporter par son go\u00fbt d\u00e9licieux et r\u00e9confortant ...","robots":{"index":"index","follow":"follow","max-snippet":"max-snippet:-1","max-image-preview":"max-image-preview:large","max-video-preview":"max-video-preview:-1"},"canonical":"https:\/\/sarah-traiteur.fr\/index.php\/produit\/couscous-royal-poulet-merguez\/","og_locale":"fr_FR","og_type":"article","og_title":"Couscous royal poulet merguez - Sarah Traiteur","og_description":"Notre Couscous Royal poulet merguez est une invitation \u00e0 la convivialit\u00e9 et au partage. Laissez-vous emporter par son go\u00fbt d\u00e9licieux et r\u00e9confortant ...","og_url":"https:\/\/sarah-traiteur.fr\/index.php\/produit\/couscous-royal-poulet-merguez\/","og_site_name":"Sarah Traiteur","article_publisher":"https:\/\/www.facebook.com\/profile.php?id=100082960370860&locale=fr_FR","article_modified_time":"2025-05-05T22:55:34+00:00","og_image":[{"width":768,"height":1024,"url":"https:\/\/sarah-traiteur.fr\/wp-content\/uploads\/2023\/11\/couscous-royal-poulet-merguez-768x1024.png","type":"image\/png"}],"twitter_card":"summary_large_image","twitter_misc":{"Dur\u00e9e de lecture estim\u00e9e":"1 minute"},"schema":{"@context":"https:\/\/schema.org","@graph":[{"@type":"WebPage","@id":"https:\/\/sarah-traiteur.fr\/index.php\/produit\/couscous-royal-poulet-merguez\/","url":"https:\/\/sarah-traiteur.fr\/index.php\/produit\/couscous-royal-poulet-merguez\/","name":"Couscous royal poulet merguez - Sarah Traiteur","isPartOf":{"@id":"https:\/\/sarah-traiteur.fr\/#website"},"primaryImageOfPage":{"@id":"https:\/\/sarah-traiteur.fr\/index.php\/produit\/couscous-royal-poulet-merguez\/#primaryimage"},"image":{"@id":"https:\/\/sarah-traiteur.fr\/index.php\/produit\/couscous-royal-poulet-merguez\/#primaryimage"},"thumbnailUrl":"https:\/\/i0.wp.com\/sarah-traiteur.fr\/wp-content\/uploads\/2023\/11\/couscous-royal-poulet-merguez.png?fit=3024%2C4032&ssl=1","datePublished":"2023-11-27T15:46:27+00:00","dateModified":"2025-05-05T22:55:34+00:00","description":"Notre Couscous Royal poulet merguez est une invitation \u00e0 la convivialit\u00e9 et au partage. Laissez-vous emporter par son go\u00fbt d\u00e9licieux et r\u00e9confortant ...","breadcrumb":{"@id":"https:\/\/sarah-traiteur.fr\/index.php\/produit\/couscous-royal-poulet-merguez\/#breadcrumb"},"inLanguage":"fr-FR","potentialAction":[{"@type":"ReadAction","target":["https:\/\/sarah-traiteur.fr\/index.php\/produit\/couscous-royal-poulet-merguez\/"]}]},{"@type":"ImageObject","inLanguage":"fr-FR","@id":"https:\/\/sarah-traiteur.fr\/index.php\/produit\/couscous-royal-poulet-merguez\/#primaryimage","url":"https:\/\/i0.wp.com\/sarah-traiteur.fr\/wp-content\/uploads\/2023\/11\/couscous-royal-poulet-merguez.png?fit=3024%2C4032&ssl=1","contentUrl":"https:\/\/i0.wp.com\/sarah-traiteur.fr\/wp-content\/uploads\/2023\/11\/couscous-royal-poulet-merguez.png?fit=3024%2C4032&ssl=1","width":3024,"height":4032,"caption":"Couscous royal poulet merguez"},{"@type":"BreadcrumbList","@id":"https:\/\/sarah-traiteur.fr\/index.php\/produit\/couscous-royal-poulet-merguez\/#breadcrumb","itemListElement":[{"@type":"ListItem","position":1,"name":"Accueil","item":"https:\/\/sarah-traiteur.fr\/"},{"@type":"ListItem","position":2,"name":"Commander","item":"https:\/\/sarah-traiteur.fr\/index.php\/commande-commander\/"},{"@type":"ListItem","position":3,"name":"Couscous royal poulet merguez"}]},{"@type":"WebSite","@id":"https:\/\/sarah-traiteur.fr\/#website","url":"https:\/\/sarah-traiteur.fr\/","name":"Sarah Traiteur","description":"Voyagez au c\u0153ur des saveurs","publisher":{"@id":"https:\/\/sarah-traiteur.fr\/#organization"},"potentialAction":[{"@type":"SearchAction","target":{"@type":"EntryPoint","urlTemplate":"https:\/\/sarah-traiteur.fr\/?s={search_term_string}"},"query-input":{"@type":"PropertyValueSpecification","valueRequired":true,"valueName":"search_term_string"}}],"inLanguage":"fr-FR"},{"@type":"Organization","@id":"https:\/\/sarah-traiteur.fr\/#organization","name":"Sarah Traiteur","url":"https:\/\/sarah-traiteur.fr\/","logo":{"@type":"ImageObject","inLanguage":"fr-FR","@id":"https:\/\/sarah-traiteur.fr\/#\/schema\/logo\/image\/","url":"https:\/\/sarah-traiteur.fr\/wp-content\/uploads\/2023\/11\/Logo-Sarah-traiteur-sans-fond.png","contentUrl":"https:\/\/sarah-traiteur.fr\/wp-content\/uploads\/2023\/11\/Logo-Sarah-traiteur-sans-fond.png","width":6729,"height":6730,"caption":"Sarah Traiteur"},"image":{"@id":"https:\/\/sarah-traiteur.fr\/#\/schema\/logo\/image\/"},"sameAs":["https:\/\/www.facebook.com\/profile.php?id=100082960370860&locale=fr_FR"]}]}},"_links":{"self":[{"href":"https:\/\/sarah-traiteur.fr\/index.php\/wp-json\/wp\/v2\/product\/907","targetHints":{"allow":["GET"]}}],"collection":[{"href":"https:\/\/sarah-traiteur.fr\/index.php\/wp-json\/wp\/v2\/product"}],"about":[{"href":"https:\/\/sarah-traiteur.fr\/index.php\/wp-json\/wp\/v2\/types\/product"}],"replies":[{"embeddable":true,"href":"https:\/\/sarah-traiteur.fr\/index.php\/wp-json\/wp\/v2\/comments?post=907"}],"wp:featuredmedia":[{"embeddable":true,"href":"https:\/\/sarah-traiteur.fr\/index.php\/wp-json\/wp\/v2\/media\/908"}],"wp:attachment":[{"href":"https:\/\/sarah-traiteur.fr\/index.php\/wp-json\/wp\/v2\/media?parent=907"}],"wp:term":[{"taxonomy":"product_brand","embeddable":true,"href":"https:\/\/sarah-traiteur.fr\/index.php\/wp-json\/wp\/v2\/product_brand?post=907"},{"taxonomy":"product_cat","embeddable":true,"href":"https:\/\/sarah-traiteur.fr\/index.php\/wp-json\/wp\/v2\/product_cat?post=907"},{"taxonomy":"product_tag","embeddable":true,"href":"https:\/\/sarah-traiteur.fr\/index.php\/wp-json\/wp\/v2\/product_tag?post=907"}],"curies":[{"name":"wp","href":"https:\/\/api.w.org\/{rel}","templated":true}]}}