{"id":900,"date":"2023-11-27T15:16:07","date_gmt":"2023-11-27T14:16:07","guid":{"rendered":"https:\/\/sarah-traiteur.fr\/?post_type=product&#038;p=900"},"modified":"2024-11-05T15:08:13","modified_gmt":"2024-11-05T14:08:13","slug":"plateau-aperitif-oriental","status":"publish","type":"product","link":"https:\/\/sarah-traiteur.fr\/index.php\/produit\/plateau-aperitif-oriental\/","title":{"rendered":"Plateau ap\u00e9ritif oriental"},"content":{"rendered":"<p>Un plateau ap\u00e9ritif oriental id\u00e9al pour vos \u00e9v\u00e9nements ou simplement pour vous faire plaisir.<\/p>\n<p>Sur la photo :<\/p>\n<p>&#8211; Mini pizza au poulet, poivrons et aux oignons<br \/>\n&#8211; Mini tacos \u00e0 l&rsquo;orientale marin\u00e9s aux \u00e9pices<br \/>\n&#8211; Mini burger \u00e0 la kefta<br \/>\n&#8211; Briouate aux pommes de terre, viande hach\u00e9e et oignons<\/p>\n<p>Possibilit\u00e9 de personnaliser avec d&rsquo;autres produits tels que :<\/p>\n<p>&#8211; Mini pastilla<br \/>\n&#8211; Mini batbout (poulet, salade, oignons, tomates)<br \/>\n&#8211; Verrines<br \/>\n&#8211; Mini brochettes<\/p>\n<p>R\u00e9galez-vous avec cette s\u00e9lection vari\u00e9e qui saura ravir les papilles de vos convives !<\/p>\n","protected":false},"excerpt":{"rendered":"<p>D\u00e9couvrez notre somptueux plateau ap\u00e9ritif oriental, une explosion de saveurs qui transportera vos papilles directement au c\u0153ur des d\u00e9lices de l&rsquo;Orient.<\/p>\n<p>(5 pi\u00e8ces par personnes)<\/p>\n<p>15\u20ac par personnes, commande minimum : pour 6 personnes<\/p>\n","protected":false},"featured_media":901,"comment_status":"open","ping_status":"closed","template":"","meta":[],"product_brand":[],"product_cat":[28,34],"product_tag":[],"class_list":{"0":"post-900","1":"product","2":"type-product","3":"status-publish","4":"has-post-thumbnail","6":"product_cat-plateau","7":"product_cat-sarah-traiteur","9":"first","10":"instock","11":"shipping-taxable","12":"purchasable","13":"product-type-simple"},"yoast_head":"<!-- This site is optimized with the Yoast SEO plugin v27.4 - https:\/\/yoast.com\/product\/yoast-seo-wordpress\/ -->\n<title>Plateau ap\u00e9ritif oriental - Sarah Traiteur<\/title>\n<meta name=\"description\" content=\"Un plateau ap\u00e9ritif oriental id\u00e9al pour vos \u00e9v\u00e9nements ou simplement pour vous faire plaisir. Une explosion de saveurs qui transportera vos papilles\" \/>\n<meta name=\"robots\" content=\"index, follow, max-snippet:-1, max-image-preview:large, max-video-preview:-1\" \/>\n<link rel=\"canonical\" href=\"https:\/\/sarah-traiteur.fr\/index.php\/produit\/plateau-aperitif-oriental\/\" \/>\n<meta property=\"og:locale\" content=\"fr_FR\" \/>\n<meta property=\"og:type\" content=\"article\" \/>\n<meta property=\"og:title\" content=\"Plateau ap\u00e9ritif oriental - Sarah Traiteur\" \/>\n<meta property=\"og:description\" content=\"Un plateau ap\u00e9ritif oriental id\u00e9al pour vos \u00e9v\u00e9nements ou simplement pour vous faire plaisir. Une explosion de saveurs qui transportera vos papilles\" \/>\n<meta property=\"og:url\" content=\"https:\/\/sarah-traiteur.fr\/index.php\/produit\/plateau-aperitif-oriental\/\" \/>\n<meta property=\"og:site_name\" content=\"Sarah Traiteur\" \/>\n<meta property=\"article:publisher\" content=\"https:\/\/www.facebook.com\/profile.php?id=100082960370860&amp;locale=fr_FR\" \/>\n<meta property=\"article:modified_time\" content=\"2024-11-05T14:08:13+00:00\" \/>\n<meta property=\"og:image\" content=\"https:\/\/sarah-traiteur.fr\/wp-content\/uploads\/2023\/11\/plateau-aperitif-768x1024.png\" \/>\n\t<meta property=\"og:image:width\" content=\"768\" \/>\n\t<meta property=\"og:image:height\" content=\"1024\" \/>\n\t<meta property=\"og:image:type\" content=\"image\/png\" \/>\n<meta name=\"twitter:card\" content=\"summary_large_image\" \/>\n<meta name=\"twitter:label1\" content=\"Dur\u00e9e de lecture estim\u00e9e\" \/>\n\t<meta name=\"twitter:data1\" content=\"1 minute\" \/>\n<script type=\"application\/ld+json\" class=\"yoast-schema-graph\">{\"@context\":\"https:\\\/\\\/schema.org\",\"@graph\":[{\"@type\":\"WebPage\",\"@id\":\"https:\\\/\\\/sarah-traiteur.fr\\\/index.php\\\/produit\\\/plateau-aperitif-oriental\\\/\",\"url\":\"https:\\\/\\\/sarah-traiteur.fr\\\/index.php\\\/produit\\\/plateau-aperitif-oriental\\\/\",\"name\":\"Plateau ap\u00e9ritif oriental - Sarah Traiteur\",\"isPartOf\":{\"@id\":\"https:\\\/\\\/sarah-traiteur.fr\\\/#website\"},\"primaryImageOfPage\":{\"@id\":\"https:\\\/\\\/sarah-traiteur.fr\\\/index.php\\\/produit\\\/plateau-aperitif-oriental\\\/#primaryimage\"},\"image\":{\"@id\":\"https:\\\/\\\/sarah-traiteur.fr\\\/index.php\\\/produit\\\/plateau-aperitif-oriental\\\/#primaryimage\"},\"thumbnailUrl\":\"https:\\\/\\\/i0.wp.com\\\/sarah-traiteur.fr\\\/wp-content\\\/uploads\\\/2023\\\/11\\\/plateau-aperitif.png?fit=3024%2C4032&ssl=1\",\"datePublished\":\"2023-11-27T14:16:07+00:00\",\"dateModified\":\"2024-11-05T14:08:13+00:00\",\"description\":\"Un plateau ap\u00e9ritif oriental id\u00e9al pour vos \u00e9v\u00e9nements ou simplement pour vous faire plaisir. Une explosion de saveurs qui transportera vos papilles\",\"breadcrumb\":{\"@id\":\"https:\\\/\\\/sarah-traiteur.fr\\\/index.php\\\/produit\\\/plateau-aperitif-oriental\\\/#breadcrumb\"},\"inLanguage\":\"fr-FR\",\"potentialAction\":[{\"@type\":\"ReadAction\",\"target\":[\"https:\\\/\\\/sarah-traiteur.fr\\\/index.php\\\/produit\\\/plateau-aperitif-oriental\\\/\"]}]},{\"@type\":\"ImageObject\",\"inLanguage\":\"fr-FR\",\"@id\":\"https:\\\/\\\/sarah-traiteur.fr\\\/index.php\\\/produit\\\/plateau-aperitif-oriental\\\/#primaryimage\",\"url\":\"https:\\\/\\\/i0.wp.com\\\/sarah-traiteur.fr\\\/wp-content\\\/uploads\\\/2023\\\/11\\\/plateau-aperitif.png?fit=3024%2C4032&ssl=1\",\"contentUrl\":\"https:\\\/\\\/i0.wp.com\\\/sarah-traiteur.fr\\\/wp-content\\\/uploads\\\/2023\\\/11\\\/plateau-aperitif.png?fit=3024%2C4032&ssl=1\",\"width\":3024,\"height\":4032},{\"@type\":\"BreadcrumbList\",\"@id\":\"https:\\\/\\\/sarah-traiteur.fr\\\/index.php\\\/produit\\\/plateau-aperitif-oriental\\\/#breadcrumb\",\"itemListElement\":[{\"@type\":\"ListItem\",\"position\":1,\"name\":\"Accueil\",\"item\":\"https:\\\/\\\/sarah-traiteur.fr\\\/\"},{\"@type\":\"ListItem\",\"position\":2,\"name\":\"Commander\",\"item\":\"https:\\\/\\\/sarah-traiteur.fr\\\/index.php\\\/commande-commander\\\/\"},{\"@type\":\"ListItem\",\"position\":3,\"name\":\"Plateau ap\u00e9ritif oriental\"}]},{\"@type\":\"WebSite\",\"@id\":\"https:\\\/\\\/sarah-traiteur.fr\\\/#website\",\"url\":\"https:\\\/\\\/sarah-traiteur.fr\\\/\",\"name\":\"Sarah Traiteur\",\"description\":\"Voyagez au c\u0153ur des saveurs\",\"publisher\":{\"@id\":\"https:\\\/\\\/sarah-traiteur.fr\\\/#organization\"},\"potentialAction\":[{\"@type\":\"SearchAction\",\"target\":{\"@type\":\"EntryPoint\",\"urlTemplate\":\"https:\\\/\\\/sarah-traiteur.fr\\\/?s={search_term_string}\"},\"query-input\":{\"@type\":\"PropertyValueSpecification\",\"valueRequired\":true,\"valueName\":\"search_term_string\"}}],\"inLanguage\":\"fr-FR\"},{\"@type\":\"Organization\",\"@id\":\"https:\\\/\\\/sarah-traiteur.fr\\\/#organization\",\"name\":\"Sarah Traiteur\",\"url\":\"https:\\\/\\\/sarah-traiteur.fr\\\/\",\"logo\":{\"@type\":\"ImageObject\",\"inLanguage\":\"fr-FR\",\"@id\":\"https:\\\/\\\/sarah-traiteur.fr\\\/#\\\/schema\\\/logo\\\/image\\\/\",\"url\":\"https:\\\/\\\/sarah-traiteur.fr\\\/wp-content\\\/uploads\\\/2023\\\/11\\\/Logo-Sarah-traiteur-sans-fond.png\",\"contentUrl\":\"https:\\\/\\\/sarah-traiteur.fr\\\/wp-content\\\/uploads\\\/2023\\\/11\\\/Logo-Sarah-traiteur-sans-fond.png\",\"width\":6729,\"height\":6730,\"caption\":\"Sarah Traiteur\"},\"image\":{\"@id\":\"https:\\\/\\\/sarah-traiteur.fr\\\/#\\\/schema\\\/logo\\\/image\\\/\"},\"sameAs\":[\"https:\\\/\\\/www.facebook.com\\\/profile.php?id=100082960370860&locale=fr_FR\"]}]}<\/script>\n<!-- \/ Yoast SEO plugin. -->","yoast_head_json":{"title":"Plateau ap\u00e9ritif oriental - Sarah Traiteur","description":"Un plateau ap\u00e9ritif oriental id\u00e9al pour vos \u00e9v\u00e9nements ou simplement pour vous faire plaisir. Une explosion de saveurs qui transportera vos papilles","robots":{"index":"index","follow":"follow","max-snippet":"max-snippet:-1","max-image-preview":"max-image-preview:large","max-video-preview":"max-video-preview:-1"},"canonical":"https:\/\/sarah-traiteur.fr\/index.php\/produit\/plateau-aperitif-oriental\/","og_locale":"fr_FR","og_type":"article","og_title":"Plateau ap\u00e9ritif oriental - Sarah Traiteur","og_description":"Un plateau ap\u00e9ritif oriental id\u00e9al pour vos \u00e9v\u00e9nements ou simplement pour vous faire plaisir. Une explosion de saveurs qui transportera vos papilles","og_url":"https:\/\/sarah-traiteur.fr\/index.php\/produit\/plateau-aperitif-oriental\/","og_site_name":"Sarah Traiteur","article_publisher":"https:\/\/www.facebook.com\/profile.php?id=100082960370860&locale=fr_FR","article_modified_time":"2024-11-05T14:08:13+00:00","og_image":[{"width":768,"height":1024,"url":"https:\/\/sarah-traiteur.fr\/wp-content\/uploads\/2023\/11\/plateau-aperitif-768x1024.png","type":"image\/png"}],"twitter_card":"summary_large_image","twitter_misc":{"Dur\u00e9e de lecture estim\u00e9e":"1 minute"},"schema":{"@context":"https:\/\/schema.org","@graph":[{"@type":"WebPage","@id":"https:\/\/sarah-traiteur.fr\/index.php\/produit\/plateau-aperitif-oriental\/","url":"https:\/\/sarah-traiteur.fr\/index.php\/produit\/plateau-aperitif-oriental\/","name":"Plateau ap\u00e9ritif oriental - Sarah Traiteur","isPartOf":{"@id":"https:\/\/sarah-traiteur.fr\/#website"},"primaryImageOfPage":{"@id":"https:\/\/sarah-traiteur.fr\/index.php\/produit\/plateau-aperitif-oriental\/#primaryimage"},"image":{"@id":"https:\/\/sarah-traiteur.fr\/index.php\/produit\/plateau-aperitif-oriental\/#primaryimage"},"thumbnailUrl":"https:\/\/i0.wp.com\/sarah-traiteur.fr\/wp-content\/uploads\/2023\/11\/plateau-aperitif.png?fit=3024%2C4032&ssl=1","datePublished":"2023-11-27T14:16:07+00:00","dateModified":"2024-11-05T14:08:13+00:00","description":"Un plateau ap\u00e9ritif oriental id\u00e9al pour vos \u00e9v\u00e9nements ou simplement pour vous faire plaisir. Une explosion de saveurs qui transportera vos papilles","breadcrumb":{"@id":"https:\/\/sarah-traiteur.fr\/index.php\/produit\/plateau-aperitif-oriental\/#breadcrumb"},"inLanguage":"fr-FR","potentialAction":[{"@type":"ReadAction","target":["https:\/\/sarah-traiteur.fr\/index.php\/produit\/plateau-aperitif-oriental\/"]}]},{"@type":"ImageObject","inLanguage":"fr-FR","@id":"https:\/\/sarah-traiteur.fr\/index.php\/produit\/plateau-aperitif-oriental\/#primaryimage","url":"https:\/\/i0.wp.com\/sarah-traiteur.fr\/wp-content\/uploads\/2023\/11\/plateau-aperitif.png?fit=3024%2C4032&ssl=1","contentUrl":"https:\/\/i0.wp.com\/sarah-traiteur.fr\/wp-content\/uploads\/2023\/11\/plateau-aperitif.png?fit=3024%2C4032&ssl=1","width":3024,"height":4032},{"@type":"BreadcrumbList","@id":"https:\/\/sarah-traiteur.fr\/index.php\/produit\/plateau-aperitif-oriental\/#breadcrumb","itemListElement":[{"@type":"ListItem","position":1,"name":"Accueil","item":"https:\/\/sarah-traiteur.fr\/"},{"@type":"ListItem","position":2,"name":"Commander","item":"https:\/\/sarah-traiteur.fr\/index.php\/commande-commander\/"},{"@type":"ListItem","position":3,"name":"Plateau ap\u00e9ritif oriental"}]},{"@type":"WebSite","@id":"https:\/\/sarah-traiteur.fr\/#website","url":"https:\/\/sarah-traiteur.fr\/","name":"Sarah Traiteur","description":"Voyagez au c\u0153ur des saveurs","publisher":{"@id":"https:\/\/sarah-traiteur.fr\/#organization"},"potentialAction":[{"@type":"SearchAction","target":{"@type":"EntryPoint","urlTemplate":"https:\/\/sarah-traiteur.fr\/?s={search_term_string}"},"query-input":{"@type":"PropertyValueSpecification","valueRequired":true,"valueName":"search_term_string"}}],"inLanguage":"fr-FR"},{"@type":"Organization","@id":"https:\/\/sarah-traiteur.fr\/#organization","name":"Sarah Traiteur","url":"https:\/\/sarah-traiteur.fr\/","logo":{"@type":"ImageObject","inLanguage":"fr-FR","@id":"https:\/\/sarah-traiteur.fr\/#\/schema\/logo\/image\/","url":"https:\/\/sarah-traiteur.fr\/wp-content\/uploads\/2023\/11\/Logo-Sarah-traiteur-sans-fond.png","contentUrl":"https:\/\/sarah-traiteur.fr\/wp-content\/uploads\/2023\/11\/Logo-Sarah-traiteur-sans-fond.png","width":6729,"height":6730,"caption":"Sarah Traiteur"},"image":{"@id":"https:\/\/sarah-traiteur.fr\/#\/schema\/logo\/image\/"},"sameAs":["https:\/\/www.facebook.com\/profile.php?id=100082960370860&locale=fr_FR"]}]}},"_links":{"self":[{"href":"https:\/\/sarah-traiteur.fr\/index.php\/wp-json\/wp\/v2\/product\/900","targetHints":{"allow":["GET"]}}],"collection":[{"href":"https:\/\/sarah-traiteur.fr\/index.php\/wp-json\/wp\/v2\/product"}],"about":[{"href":"https:\/\/sarah-traiteur.fr\/index.php\/wp-json\/wp\/v2\/types\/product"}],"replies":[{"embeddable":true,"href":"https:\/\/sarah-traiteur.fr\/index.php\/wp-json\/wp\/v2\/comments?post=900"}],"wp:featuredmedia":[{"embeddable":true,"href":"https:\/\/sarah-traiteur.fr\/index.php\/wp-json\/wp\/v2\/media\/901"}],"wp:attachment":[{"href":"https:\/\/sarah-traiteur.fr\/index.php\/wp-json\/wp\/v2\/media?parent=900"}],"wp:term":[{"taxonomy":"product_brand","embeddable":true,"href":"https:\/\/sarah-traiteur.fr\/index.php\/wp-json\/wp\/v2\/product_brand?post=900"},{"taxonomy":"product_cat","embeddable":true,"href":"https:\/\/sarah-traiteur.fr\/index.php\/wp-json\/wp\/v2\/product_cat?post=900"},{"taxonomy":"product_tag","embeddable":true,"href":"https:\/\/sarah-traiteur.fr\/index.php\/wp-json\/wp\/v2\/product_tag?post=900"}],"curies":[{"name":"wp","href":"https:\/\/api.w.org\/{rel}","templated":true}]}}