{"id":168,"date":"2020-03-16T09:19:03","date_gmt":"2020-03-16T08:19:03","guid":{"rendered":"https:\/\/demo.creativethemes.com\/blocksy\/modern-shop\/?post_type=product&#038;p=168"},"modified":"2024-11-05T15:09:37","modified_gmt":"2024-11-05T14:09:37","slug":"pastilla-poulet-amandes-oeuf-cannelle","status":"publish","type":"product","link":"https:\/\/sarah-traiteur.fr\/index.php\/produit\/pastilla-poulet-amandes-oeuf-cannelle\/","title":{"rendered":"Pastilla"},"content":{"rendered":"<p>La pastilla, cette tourte feuillet\u00e9e renferme un festin de poulet finement \u00e9pic\u00e9, d&rsquo;amandes croquantes et d&rsquo;\u0153ufs moelleux, le tout saupoudr\u00e9 d&rsquo;une touche subtile de cannelle. Pr\u00e9par\u00e9e avec soin selon la tradition, notre Pastilla capture l&rsquo;essence de la cuisine marocaine en une bouch\u00e9e irr\u00e9sistible. Offrez-vous une exp\u00e9rience gustative unique et transportez-vous au c\u0153ur des saveurs orientales. Commandez d\u00e8s maintenant pour une escapade culinaire inoubliable !<\/p>\n","protected":false},"excerpt":{"rendered":"<p>Un d\u00e9licieux m\u00e9lange de saveurs sucr\u00e9es et sal\u00e9es compos\u00e9 de poulet, d&rsquo;amandes, d&rsquo;\u0153ufs et de cannelle.<\/p>\n<p>(Photo : Pastilla pour 6 personnes)<\/p>\n<p>10\u20ac par personne, commande minimum : 6 personnes<\/p>\n","protected":false},"featured_media":906,"comment_status":"open","ping_status":"closed","template":"","meta":[],"product_brand":[],"product_cat":[27,34],"product_tag":[],"class_list":{"0":"post-168","1":"product","2":"type-product","3":"status-publish","4":"has-post-thumbnail","6":"product_cat-pastilla","7":"product_cat-sarah-traiteur","9":"first","10":"instock","11":"shipping-taxable","12":"purchasable","13":"product-type-simple"},"yoast_head":"<!-- This site is optimized with the Yoast SEO plugin v27.4 - https:\/\/yoast.com\/product\/yoast-seo-wordpress\/ -->\n<title>Pastilla - Sarah Traiteur<\/title>\n<meta name=\"description\" content=\"La pastilla, cette tourte feuillet\u00e9e renferme un festin de poulet, d&#039;amandes, d&#039;\u0153ufs et de cannelle. Un d\u00e9licieux m\u00e9lange de saveurs sucr\u00e9es et sal\u00e9es\" \/>\n<meta name=\"robots\" content=\"index, follow, max-snippet:-1, max-image-preview:large, max-video-preview:-1\" \/>\n<link rel=\"canonical\" href=\"https:\/\/sarah-traiteur.fr\/index.php\/produit\/pastilla-poulet-amandes-oeuf-cannelle\/\" \/>\n<meta property=\"og:locale\" content=\"fr_FR\" \/>\n<meta property=\"og:type\" content=\"article\" \/>\n<meta property=\"og:title\" content=\"Pastilla - Sarah Traiteur\" \/>\n<meta property=\"og:description\" content=\"La pastilla, cette tourte feuillet\u00e9e renferme un festin de poulet, d&#039;amandes, d&#039;\u0153ufs et de cannelle. Un d\u00e9licieux m\u00e9lange de saveurs sucr\u00e9es et sal\u00e9es\" \/>\n<meta property=\"og:url\" content=\"https:\/\/sarah-traiteur.fr\/index.php\/produit\/pastilla-poulet-amandes-oeuf-cannelle\/\" \/>\n<meta property=\"og:site_name\" content=\"Sarah Traiteur\" \/>\n<meta property=\"article:publisher\" content=\"https:\/\/www.facebook.com\/profile.php?id=100082960370860&amp;locale=fr_FR\" \/>\n<meta property=\"article:modified_time\" content=\"2024-11-05T14:09:37+00:00\" \/>\n<meta property=\"og:image\" content=\"https:\/\/sarah-traiteur.fr\/wp-content\/uploads\/2020\/03\/Pastilla-768x1024.png\" \/>\n\t<meta property=\"og:image:width\" content=\"768\" \/>\n\t<meta property=\"og:image:height\" content=\"1024\" \/>\n\t<meta property=\"og:image:type\" content=\"image\/png\" \/>\n<meta name=\"twitter:card\" content=\"summary_large_image\" \/>\n<meta name=\"twitter:label1\" content=\"Dur\u00e9e de lecture estim\u00e9e\" \/>\n\t<meta name=\"twitter:data1\" content=\"1 minute\" \/>\n<script type=\"application\/ld+json\" class=\"yoast-schema-graph\">{\"@context\":\"https:\\\/\\\/schema.org\",\"@graph\":[{\"@type\":\"WebPage\",\"@id\":\"https:\\\/\\\/sarah-traiteur.fr\\\/index.php\\\/produit\\\/pastilla-poulet-amandes-oeuf-cannelle\\\/\",\"url\":\"https:\\\/\\\/sarah-traiteur.fr\\\/index.php\\\/produit\\\/pastilla-poulet-amandes-oeuf-cannelle\\\/\",\"name\":\"Pastilla - Sarah Traiteur\",\"isPartOf\":{\"@id\":\"https:\\\/\\\/sarah-traiteur.fr\\\/#website\"},\"primaryImageOfPage\":{\"@id\":\"https:\\\/\\\/sarah-traiteur.fr\\\/index.php\\\/produit\\\/pastilla-poulet-amandes-oeuf-cannelle\\\/#primaryimage\"},\"image\":{\"@id\":\"https:\\\/\\\/sarah-traiteur.fr\\\/index.php\\\/produit\\\/pastilla-poulet-amandes-oeuf-cannelle\\\/#primaryimage\"},\"thumbnailUrl\":\"https:\\\/\\\/i0.wp.com\\\/sarah-traiteur.fr\\\/wp-content\\\/uploads\\\/2020\\\/03\\\/Pastilla.png?fit=1425%2C1900&ssl=1\",\"datePublished\":\"2020-03-16T08:19:03+00:00\",\"dateModified\":\"2024-11-05T14:09:37+00:00\",\"description\":\"La pastilla, cette tourte feuillet\u00e9e renferme un festin de poulet, d'amandes, d'\u0153ufs et de cannelle. Un d\u00e9licieux m\u00e9lange de saveurs sucr\u00e9es et sal\u00e9es\",\"breadcrumb\":{\"@id\":\"https:\\\/\\\/sarah-traiteur.fr\\\/index.php\\\/produit\\\/pastilla-poulet-amandes-oeuf-cannelle\\\/#breadcrumb\"},\"inLanguage\":\"fr-FR\",\"potentialAction\":[{\"@type\":\"ReadAction\",\"target\":[\"https:\\\/\\\/sarah-traiteur.fr\\\/index.php\\\/produit\\\/pastilla-poulet-amandes-oeuf-cannelle\\\/\"]}]},{\"@type\":\"ImageObject\",\"inLanguage\":\"fr-FR\",\"@id\":\"https:\\\/\\\/sarah-traiteur.fr\\\/index.php\\\/produit\\\/pastilla-poulet-amandes-oeuf-cannelle\\\/#primaryimage\",\"url\":\"https:\\\/\\\/i0.wp.com\\\/sarah-traiteur.fr\\\/wp-content\\\/uploads\\\/2020\\\/03\\\/Pastilla.png?fit=1425%2C1900&ssl=1\",\"contentUrl\":\"https:\\\/\\\/i0.wp.com\\\/sarah-traiteur.fr\\\/wp-content\\\/uploads\\\/2020\\\/03\\\/Pastilla.png?fit=1425%2C1900&ssl=1\",\"width\":1425,\"height\":1900},{\"@type\":\"BreadcrumbList\",\"@id\":\"https:\\\/\\\/sarah-traiteur.fr\\\/index.php\\\/produit\\\/pastilla-poulet-amandes-oeuf-cannelle\\\/#breadcrumb\",\"itemListElement\":[{\"@type\":\"ListItem\",\"position\":1,\"name\":\"Accueil\",\"item\":\"https:\\\/\\\/sarah-traiteur.fr\\\/\"},{\"@type\":\"ListItem\",\"position\":2,\"name\":\"Commander\",\"item\":\"https:\\\/\\\/sarah-traiteur.fr\\\/index.php\\\/commande-commander\\\/\"},{\"@type\":\"ListItem\",\"position\":3,\"name\":\"Pastilla\"}]},{\"@type\":\"WebSite\",\"@id\":\"https:\\\/\\\/sarah-traiteur.fr\\\/#website\",\"url\":\"https:\\\/\\\/sarah-traiteur.fr\\\/\",\"name\":\"Sarah Traiteur\",\"description\":\"Voyagez au c\u0153ur des saveurs\",\"publisher\":{\"@id\":\"https:\\\/\\\/sarah-traiteur.fr\\\/#organization\"},\"potentialAction\":[{\"@type\":\"SearchAction\",\"target\":{\"@type\":\"EntryPoint\",\"urlTemplate\":\"https:\\\/\\\/sarah-traiteur.fr\\\/?s={search_term_string}\"},\"query-input\":{\"@type\":\"PropertyValueSpecification\",\"valueRequired\":true,\"valueName\":\"search_term_string\"}}],\"inLanguage\":\"fr-FR\"},{\"@type\":\"Organization\",\"@id\":\"https:\\\/\\\/sarah-traiteur.fr\\\/#organization\",\"name\":\"Sarah Traiteur\",\"url\":\"https:\\\/\\\/sarah-traiteur.fr\\\/\",\"logo\":{\"@type\":\"ImageObject\",\"inLanguage\":\"fr-FR\",\"@id\":\"https:\\\/\\\/sarah-traiteur.fr\\\/#\\\/schema\\\/logo\\\/image\\\/\",\"url\":\"https:\\\/\\\/sarah-traiteur.fr\\\/wp-content\\\/uploads\\\/2023\\\/11\\\/Logo-Sarah-traiteur-sans-fond.png\",\"contentUrl\":\"https:\\\/\\\/sarah-traiteur.fr\\\/wp-content\\\/uploads\\\/2023\\\/11\\\/Logo-Sarah-traiteur-sans-fond.png\",\"width\":6729,\"height\":6730,\"caption\":\"Sarah Traiteur\"},\"image\":{\"@id\":\"https:\\\/\\\/sarah-traiteur.fr\\\/#\\\/schema\\\/logo\\\/image\\\/\"},\"sameAs\":[\"https:\\\/\\\/www.facebook.com\\\/profile.php?id=100082960370860&locale=fr_FR\"]}]}<\/script>\n<!-- \/ Yoast SEO plugin. -->","yoast_head_json":{"title":"Pastilla - Sarah Traiteur","description":"La pastilla, cette tourte feuillet\u00e9e renferme un festin de poulet, d'amandes, d'\u0153ufs et de cannelle. Un d\u00e9licieux m\u00e9lange de saveurs sucr\u00e9es et sal\u00e9es","robots":{"index":"index","follow":"follow","max-snippet":"max-snippet:-1","max-image-preview":"max-image-preview:large","max-video-preview":"max-video-preview:-1"},"canonical":"https:\/\/sarah-traiteur.fr\/index.php\/produit\/pastilla-poulet-amandes-oeuf-cannelle\/","og_locale":"fr_FR","og_type":"article","og_title":"Pastilla - Sarah Traiteur","og_description":"La pastilla, cette tourte feuillet\u00e9e renferme un festin de poulet, d'amandes, d'\u0153ufs et de cannelle. Un d\u00e9licieux m\u00e9lange de saveurs sucr\u00e9es et sal\u00e9es","og_url":"https:\/\/sarah-traiteur.fr\/index.php\/produit\/pastilla-poulet-amandes-oeuf-cannelle\/","og_site_name":"Sarah Traiteur","article_publisher":"https:\/\/www.facebook.com\/profile.php?id=100082960370860&locale=fr_FR","article_modified_time":"2024-11-05T14:09:37+00:00","og_image":[{"width":768,"height":1024,"url":"https:\/\/sarah-traiteur.fr\/wp-content\/uploads\/2020\/03\/Pastilla-768x1024.png","type":"image\/png"}],"twitter_card":"summary_large_image","twitter_misc":{"Dur\u00e9e de lecture estim\u00e9e":"1 minute"},"schema":{"@context":"https:\/\/schema.org","@graph":[{"@type":"WebPage","@id":"https:\/\/sarah-traiteur.fr\/index.php\/produit\/pastilla-poulet-amandes-oeuf-cannelle\/","url":"https:\/\/sarah-traiteur.fr\/index.php\/produit\/pastilla-poulet-amandes-oeuf-cannelle\/","name":"Pastilla - Sarah Traiteur","isPartOf":{"@id":"https:\/\/sarah-traiteur.fr\/#website"},"primaryImageOfPage":{"@id":"https:\/\/sarah-traiteur.fr\/index.php\/produit\/pastilla-poulet-amandes-oeuf-cannelle\/#primaryimage"},"image":{"@id":"https:\/\/sarah-traiteur.fr\/index.php\/produit\/pastilla-poulet-amandes-oeuf-cannelle\/#primaryimage"},"thumbnailUrl":"https:\/\/i0.wp.com\/sarah-traiteur.fr\/wp-content\/uploads\/2020\/03\/Pastilla.png?fit=1425%2C1900&ssl=1","datePublished":"2020-03-16T08:19:03+00:00","dateModified":"2024-11-05T14:09:37+00:00","description":"La pastilla, cette tourte feuillet\u00e9e renferme un festin de poulet, d'amandes, d'\u0153ufs et de cannelle. Un d\u00e9licieux m\u00e9lange de saveurs sucr\u00e9es et sal\u00e9es","breadcrumb":{"@id":"https:\/\/sarah-traiteur.fr\/index.php\/produit\/pastilla-poulet-amandes-oeuf-cannelle\/#breadcrumb"},"inLanguage":"fr-FR","potentialAction":[{"@type":"ReadAction","target":["https:\/\/sarah-traiteur.fr\/index.php\/produit\/pastilla-poulet-amandes-oeuf-cannelle\/"]}]},{"@type":"ImageObject","inLanguage":"fr-FR","@id":"https:\/\/sarah-traiteur.fr\/index.php\/produit\/pastilla-poulet-amandes-oeuf-cannelle\/#primaryimage","url":"https:\/\/i0.wp.com\/sarah-traiteur.fr\/wp-content\/uploads\/2020\/03\/Pastilla.png?fit=1425%2C1900&ssl=1","contentUrl":"https:\/\/i0.wp.com\/sarah-traiteur.fr\/wp-content\/uploads\/2020\/03\/Pastilla.png?fit=1425%2C1900&ssl=1","width":1425,"height":1900},{"@type":"BreadcrumbList","@id":"https:\/\/sarah-traiteur.fr\/index.php\/produit\/pastilla-poulet-amandes-oeuf-cannelle\/#breadcrumb","itemListElement":[{"@type":"ListItem","position":1,"name":"Accueil","item":"https:\/\/sarah-traiteur.fr\/"},{"@type":"ListItem","position":2,"name":"Commander","item":"https:\/\/sarah-traiteur.fr\/index.php\/commande-commander\/"},{"@type":"ListItem","position":3,"name":"Pastilla"}]},{"@type":"WebSite","@id":"https:\/\/sarah-traiteur.fr\/#website","url":"https:\/\/sarah-traiteur.fr\/","name":"Sarah Traiteur","description":"Voyagez au c\u0153ur des saveurs","publisher":{"@id":"https:\/\/sarah-traiteur.fr\/#organization"},"potentialAction":[{"@type":"SearchAction","target":{"@type":"EntryPoint","urlTemplate":"https:\/\/sarah-traiteur.fr\/?s={search_term_string}"},"query-input":{"@type":"PropertyValueSpecification","valueRequired":true,"valueName":"search_term_string"}}],"inLanguage":"fr-FR"},{"@type":"Organization","@id":"https:\/\/sarah-traiteur.fr\/#organization","name":"Sarah Traiteur","url":"https:\/\/sarah-traiteur.fr\/","logo":{"@type":"ImageObject","inLanguage":"fr-FR","@id":"https:\/\/sarah-traiteur.fr\/#\/schema\/logo\/image\/","url":"https:\/\/sarah-traiteur.fr\/wp-content\/uploads\/2023\/11\/Logo-Sarah-traiteur-sans-fond.png","contentUrl":"https:\/\/sarah-traiteur.fr\/wp-content\/uploads\/2023\/11\/Logo-Sarah-traiteur-sans-fond.png","width":6729,"height":6730,"caption":"Sarah Traiteur"},"image":{"@id":"https:\/\/sarah-traiteur.fr\/#\/schema\/logo\/image\/"},"sameAs":["https:\/\/www.facebook.com\/profile.php?id=100082960370860&locale=fr_FR"]}]}},"_links":{"self":[{"href":"https:\/\/sarah-traiteur.fr\/index.php\/wp-json\/wp\/v2\/product\/168","targetHints":{"allow":["GET"]}}],"collection":[{"href":"https:\/\/sarah-traiteur.fr\/index.php\/wp-json\/wp\/v2\/product"}],"about":[{"href":"https:\/\/sarah-traiteur.fr\/index.php\/wp-json\/wp\/v2\/types\/product"}],"replies":[{"embeddable":true,"href":"https:\/\/sarah-traiteur.fr\/index.php\/wp-json\/wp\/v2\/comments?post=168"}],"wp:featuredmedia":[{"embeddable":true,"href":"https:\/\/sarah-traiteur.fr\/index.php\/wp-json\/wp\/v2\/media\/906"}],"wp:attachment":[{"href":"https:\/\/sarah-traiteur.fr\/index.php\/wp-json\/wp\/v2\/media?parent=168"}],"wp:term":[{"taxonomy":"product_brand","embeddable":true,"href":"https:\/\/sarah-traiteur.fr\/index.php\/wp-json\/wp\/v2\/product_brand?post=168"},{"taxonomy":"product_cat","embeddable":true,"href":"https:\/\/sarah-traiteur.fr\/index.php\/wp-json\/wp\/v2\/product_cat?post=168"},{"taxonomy":"product_tag","embeddable":true,"href":"https:\/\/sarah-traiteur.fr\/index.php\/wp-json\/wp\/v2\/product_tag?post=168"}],"curies":[{"name":"wp","href":"https:\/\/api.w.org\/{rel}","templated":true}]}}