{"id":18,"date":"2020-03-13T08:06:47","date_gmt":"2020-03-13T07:06:47","guid":{"rendered":"https:\/\/demo.creativethemes.com\/blocksy\/modern-shop\/cart\/"},"modified":"2024-01-19T19:38:16","modified_gmt":"2024-01-19T18:38:16","slug":"panier","status":"publish","type":"page","link":"https:\/\/sarah-traiteur.fr\/index.php\/panier\/","title":{"rendered":"Panier"},"content":{"rendered":"\n<p class=\"has-palette-color-2-color has-text-color has-link-color wp-elements-b61a3aa43ff78704ae7df55ef02d8091\">Pour toute commande, veuillez la passer au moins 48 heures \u00e0 l&rsquo;avance. Nous vous prions \u00e9galement de pr\u00e9ciser la date et l&rsquo;heure de r\u00e9cup\u00e9ration dans la section \u00ab\u00a0Informations compl\u00e9mentaires\u00a0\u00bb. Merci de votre compr\u00e9hension.<\/p>\n\n\n\n","protected":false},"excerpt":{"rendered":"<p>Pour toute commande, veuillez la passer au moins 48 heures \u00e0 l&rsquo;avance. Nous vous prions \u00e9galement de pr\u00e9ciser la date et l&rsquo;heure de r\u00e9cup\u00e9ration dans la section \u00ab\u00a0Informations compl\u00e9mentaires\u00a0\u00bb. Merci de votre compr\u00e9hension.<\/p>\n","protected":false},"author":2,"featured_media":0,"parent":0,"menu_order":0,"comment_status":"closed","ping_status":"closed","template":"","meta":{"footnotes":""},"class_list":["post-18","page","type-page","status-publish","hentry"],"blocksy_meta":{"page_title_panel":"","has_hero_section":"default","0fe139033eb62285e78976f5f83521eb":"","hero_section":"type-2","hero_alignment1":"left","hero_alignment2":"center","hero_height":"230px","page_title_bg_type":"color","custom_hero_background":{"attachment_id":null},"parallax":{"desktop":false,"tablet":false,"mobile":false},"c3103fff4718ce589f3f9a08b1f9ec4a":"","single_meta_elements":{"author":false,"date":false,"categories":false,"comments":false,"updated":false,"tags":false},"has_meta_label":"yes","has_meta_avatar":"yes","date_format_source":"custom","single_meta_date_format":"M j, Y","b61e6fbd615f2b8068c6caa1da7245d2":"","page_excerpt_visibility":{"desktop":true,"tablet":true,"mobile":false},"pageTitleFont":{"family":"Default","variation":"Default","size":{"desktop":"32px","tablet":"30px","mobile":"25px"},"line-height":"1.3","letter-spacing":"CT_CSS_SKIP_RULE","text-transform":"CT_CSS_SKIP_RULE","text-decoration":"CT_CSS_SKIP_RULE"},"pageTitleFontColor":{"default":{"color":"CT_CSS_SKIP_RULEDEFAULT"}},"pageMetaFont":{"family":"Default","variation":"n6","size":{"desktop":"12px","tablet":"12px","mobile":"12px"},"line-height":"1.3","letter-spacing":"CT_CSS_SKIP_RULE","text-transform":"uppercase","text-decoration":"CT_CSS_SKIP_RULE"},"pageMetaFontColor":{"default":{"color":"CT_CSS_SKIP_RULEDEFAULT"},"hover":{"color":"CT_CSS_SKIP_RULEDEFAULT"}},"pageExcerptFont":{"family":"Default","variation":"n5","size":"CT_CSS_SKIP_RULE","line-height":"CT_CSS_SKIP_RULE","letter-spacing":"CT_CSS_SKIP_RULE","text-transform":"CT_CSS_SKIP_RULE","text-decoration":"CT_CSS_SKIP_RULE"},"pageExcerptColor":{"default":{"color":"CT_CSS_SKIP_RULEDEFAULT"}},"pageTitleOverlay":{"default":{"color":"rgba(41, 51, 60, 0.2)"}},"pageTitleBackground":{"default":{"color":"#EDEFF2"}},"39df37e647e12f368ffe4cf0dd0ae16c":"","page_structure_type":"default","page_enable_vertical_spacing":"yes","14bb1985ab0c107a531a5517c9e3a2aa":"","disable_featured_image":"no","d3d42b0d6931a7276f32b5f4069dd9b2":"","bce45557fe5dae47303b7d04e5936826":"","024ad9101dadd6ad23569c12523174f5":"","c3fb347e838f54190124d0e821912857":"","e452a16163f570f1b1eef65d16ec071d":"","styles_descriptor":{"styles":{"desktop":"","tablet":"","mobile":""},"google_fonts":[],"version":6}},"yoast_head":"<!-- This site is optimized with the Yoast SEO plugin v27.4 - https:\/\/yoast.com\/product\/yoast-seo-wordpress\/ -->\n<title>Panier - Sarah Traiteur<\/title>\n<meta name=\"description\" content=\"Votre panier, ajoutez vos plats pr\u00e9f\u00e9r\u00e9s, v\u00e9rifiez votre commande et passez \u00e0 la caisse en toute confiance\" \/>\n<meta name=\"robots\" content=\"index, follow, max-snippet:-1, max-image-preview:large, max-video-preview:-1\" \/>\n<link rel=\"canonical\" href=\"https:\/\/sarah-traiteur.fr\/index.php\/panier\/\" \/>\n<meta property=\"og:locale\" content=\"fr_FR\" \/>\n<meta property=\"og:type\" content=\"article\" \/>\n<meta property=\"og:title\" content=\"Panier - Sarah Traiteur\" \/>\n<meta property=\"og:description\" content=\"Votre panier, ajoutez vos plats pr\u00e9f\u00e9r\u00e9s, v\u00e9rifiez votre commande et passez \u00e0 la caisse en toute confiance\" \/>\n<meta property=\"og:url\" content=\"https:\/\/sarah-traiteur.fr\/index.php\/panier\/\" \/>\n<meta property=\"og:site_name\" content=\"Sarah Traiteur\" \/>\n<meta property=\"article:publisher\" content=\"https:\/\/www.facebook.com\/profile.php?id=100082960370860&amp;locale=fr_FR\" \/>\n<meta property=\"article:modified_time\" content=\"2024-01-19T18:38:16+00:00\" \/>\n<meta name=\"twitter:card\" content=\"summary_large_image\" \/>\n<meta name=\"twitter:label1\" content=\"Dur\u00e9e de lecture estim\u00e9e\" \/>\n\t<meta name=\"twitter:data1\" content=\"1 minute\" \/>\n<script type=\"application\/ld+json\" class=\"yoast-schema-graph\">{\"@context\":\"https:\\\/\\\/schema.org\",\"@graph\":[{\"@type\":\"WebPage\",\"@id\":\"https:\\\/\\\/sarah-traiteur.fr\\\/index.php\\\/panier\\\/\",\"url\":\"https:\\\/\\\/sarah-traiteur.fr\\\/index.php\\\/panier\\\/\",\"name\":\"Panier - Sarah Traiteur\",\"isPartOf\":{\"@id\":\"https:\\\/\\\/sarah-traiteur.fr\\\/#website\"},\"datePublished\":\"2020-03-13T07:06:47+00:00\",\"dateModified\":\"2024-01-19T18:38:16+00:00\",\"description\":\"Votre panier, ajoutez vos plats pr\u00e9f\u00e9r\u00e9s, v\u00e9rifiez votre commande et passez \u00e0 la caisse en toute confiance\",\"breadcrumb\":{\"@id\":\"https:\\\/\\\/sarah-traiteur.fr\\\/index.php\\\/panier\\\/#breadcrumb\"},\"inLanguage\":\"fr-FR\",\"potentialAction\":[{\"@type\":\"ReadAction\",\"target\":[\"https:\\\/\\\/sarah-traiteur.fr\\\/index.php\\\/panier\\\/\"]}]},{\"@type\":\"BreadcrumbList\",\"@id\":\"https:\\\/\\\/sarah-traiteur.fr\\\/index.php\\\/panier\\\/#breadcrumb\",\"itemListElement\":[{\"@type\":\"ListItem\",\"position\":1,\"name\":\"Accueil\",\"item\":\"https:\\\/\\\/sarah-traiteur.fr\\\/\"},{\"@type\":\"ListItem\",\"position\":2,\"name\":\"Panier\"}]},{\"@type\":\"WebSite\",\"@id\":\"https:\\\/\\\/sarah-traiteur.fr\\\/#website\",\"url\":\"https:\\\/\\\/sarah-traiteur.fr\\\/\",\"name\":\"Sarah Traiteur\",\"description\":\"Voyagez au c\u0153ur des saveurs\",\"publisher\":{\"@id\":\"https:\\\/\\\/sarah-traiteur.fr\\\/#organization\"},\"potentialAction\":[{\"@type\":\"SearchAction\",\"target\":{\"@type\":\"EntryPoint\",\"urlTemplate\":\"https:\\\/\\\/sarah-traiteur.fr\\\/?s={search_term_string}\"},\"query-input\":{\"@type\":\"PropertyValueSpecification\",\"valueRequired\":true,\"valueName\":\"search_term_string\"}}],\"inLanguage\":\"fr-FR\"},{\"@type\":\"Organization\",\"@id\":\"https:\\\/\\\/sarah-traiteur.fr\\\/#organization\",\"name\":\"Sarah Traiteur\",\"url\":\"https:\\\/\\\/sarah-traiteur.fr\\\/\",\"logo\":{\"@type\":\"ImageObject\",\"inLanguage\":\"fr-FR\",\"@id\":\"https:\\\/\\\/sarah-traiteur.fr\\\/#\\\/schema\\\/logo\\\/image\\\/\",\"url\":\"https:\\\/\\\/sarah-traiteur.fr\\\/wp-content\\\/uploads\\\/2023\\\/11\\\/Logo-Sarah-traiteur-sans-fond.png\",\"contentUrl\":\"https:\\\/\\\/sarah-traiteur.fr\\\/wp-content\\\/uploads\\\/2023\\\/11\\\/Logo-Sarah-traiteur-sans-fond.png\",\"width\":6729,\"height\":6730,\"caption\":\"Sarah Traiteur\"},\"image\":{\"@id\":\"https:\\\/\\\/sarah-traiteur.fr\\\/#\\\/schema\\\/logo\\\/image\\\/\"},\"sameAs\":[\"https:\\\/\\\/www.facebook.com\\\/profile.php?id=100082960370860&locale=fr_FR\"]}]}<\/script>\n<!-- \/ Yoast SEO plugin. -->","yoast_head_json":{"title":"Panier - Sarah Traiteur","description":"Votre panier, ajoutez vos plats pr\u00e9f\u00e9r\u00e9s, v\u00e9rifiez votre commande et passez \u00e0 la caisse en toute confiance","robots":{"index":"index","follow":"follow","max-snippet":"max-snippet:-1","max-image-preview":"max-image-preview:large","max-video-preview":"max-video-preview:-1"},"canonical":"https:\/\/sarah-traiteur.fr\/index.php\/panier\/","og_locale":"fr_FR","og_type":"article","og_title":"Panier - Sarah Traiteur","og_description":"Votre panier, ajoutez vos plats pr\u00e9f\u00e9r\u00e9s, v\u00e9rifiez votre commande et passez \u00e0 la caisse en toute confiance","og_url":"https:\/\/sarah-traiteur.fr\/index.php\/panier\/","og_site_name":"Sarah Traiteur","article_publisher":"https:\/\/www.facebook.com\/profile.php?id=100082960370860&locale=fr_FR","article_modified_time":"2024-01-19T18:38:16+00:00","twitter_card":"summary_large_image","twitter_misc":{"Dur\u00e9e de lecture estim\u00e9e":"1 minute"},"schema":{"@context":"https:\/\/schema.org","@graph":[{"@type":"WebPage","@id":"https:\/\/sarah-traiteur.fr\/index.php\/panier\/","url":"https:\/\/sarah-traiteur.fr\/index.php\/panier\/","name":"Panier - Sarah Traiteur","isPartOf":{"@id":"https:\/\/sarah-traiteur.fr\/#website"},"datePublished":"2020-03-13T07:06:47+00:00","dateModified":"2024-01-19T18:38:16+00:00","description":"Votre panier, ajoutez vos plats pr\u00e9f\u00e9r\u00e9s, v\u00e9rifiez votre commande et passez \u00e0 la caisse en toute confiance","breadcrumb":{"@id":"https:\/\/sarah-traiteur.fr\/index.php\/panier\/#breadcrumb"},"inLanguage":"fr-FR","potentialAction":[{"@type":"ReadAction","target":["https:\/\/sarah-traiteur.fr\/index.php\/panier\/"]}]},{"@type":"BreadcrumbList","@id":"https:\/\/sarah-traiteur.fr\/index.php\/panier\/#breadcrumb","itemListElement":[{"@type":"ListItem","position":1,"name":"Accueil","item":"https:\/\/sarah-traiteur.fr\/"},{"@type":"ListItem","position":2,"name":"Panier"}]},{"@type":"WebSite","@id":"https:\/\/sarah-traiteur.fr\/#website","url":"https:\/\/sarah-traiteur.fr\/","name":"Sarah Traiteur","description":"Voyagez au c\u0153ur des saveurs","publisher":{"@id":"https:\/\/sarah-traiteur.fr\/#organization"},"potentialAction":[{"@type":"SearchAction","target":{"@type":"EntryPoint","urlTemplate":"https:\/\/sarah-traiteur.fr\/?s={search_term_string}"},"query-input":{"@type":"PropertyValueSpecification","valueRequired":true,"valueName":"search_term_string"}}],"inLanguage":"fr-FR"},{"@type":"Organization","@id":"https:\/\/sarah-traiteur.fr\/#organization","name":"Sarah Traiteur","url":"https:\/\/sarah-traiteur.fr\/","logo":{"@type":"ImageObject","inLanguage":"fr-FR","@id":"https:\/\/sarah-traiteur.fr\/#\/schema\/logo\/image\/","url":"https:\/\/sarah-traiteur.fr\/wp-content\/uploads\/2023\/11\/Logo-Sarah-traiteur-sans-fond.png","contentUrl":"https:\/\/sarah-traiteur.fr\/wp-content\/uploads\/2023\/11\/Logo-Sarah-traiteur-sans-fond.png","width":6729,"height":6730,"caption":"Sarah Traiteur"},"image":{"@id":"https:\/\/sarah-traiteur.fr\/#\/schema\/logo\/image\/"},"sameAs":["https:\/\/www.facebook.com\/profile.php?id=100082960370860&locale=fr_FR"]}]}},"_links":{"self":[{"href":"https:\/\/sarah-traiteur.fr\/index.php\/wp-json\/wp\/v2\/pages\/18","targetHints":{"allow":["GET"]}}],"collection":[{"href":"https:\/\/sarah-traiteur.fr\/index.php\/wp-json\/wp\/v2\/pages"}],"about":[{"href":"https:\/\/sarah-traiteur.fr\/index.php\/wp-json\/wp\/v2\/types\/page"}],"author":[{"embeddable":true,"href":"https:\/\/sarah-traiteur.fr\/index.php\/wp-json\/wp\/v2\/users\/2"}],"replies":[{"embeddable":true,"href":"https:\/\/sarah-traiteur.fr\/index.php\/wp-json\/wp\/v2\/comments?post=18"}],"version-history":[{"count":2,"href":"https:\/\/sarah-traiteur.fr\/index.php\/wp-json\/wp\/v2\/pages\/18\/revisions"}],"predecessor-version":[{"id":1143,"href":"https:\/\/sarah-traiteur.fr\/index.php\/wp-json\/wp\/v2\/pages\/18\/revisions\/1143"}],"wp:attachment":[{"href":"https:\/\/sarah-traiteur.fr\/index.php\/wp-json\/wp\/v2\/media?parent=18"}],"curies":[{"name":"wp","href":"https:\/\/api.w.org\/{rel}","templated":true}]}}